{"id":303,"date":"2019-11-29T13:29:47","date_gmt":"2019-11-29T13:29:47","guid":{"rendered":"https:\/\/bridge293.qodeinteractive.com\/?page_id=10"},"modified":"2021-07-05T22:51:51","modified_gmt":"2021-07-05T22:51:51","slug":"contact","status":"publish","type":"page","link":"https:\/\/amaranto.studio\/en\/contact\/","title":{"rendered":"Contact"},"content":{"rendered":"<div id='av_section_1'  class='avia-section av-t65sf-caef59dd574ea36cc4afd53fb2ad3378 main_color avia-section-default avia-no-border-styling  avia-builder-el-0  avia-builder-el-no-sibling  avia-bg-style-scroll container_wrap fullsize'  ><div class='container av-section-cont-open' ><main  role=\"main\" itemprop=\"mainContentOfPage\"  class='template-page content  av-content-full alpha units'><div class='post-entry post-entry-type-page post-entry-303'><div class='entry-content-wrapper clearfix'>\n\n<style type=\"text\/css\" data-created_by=\"avia_inline_auto\" id=\"style-css-av-l9fsf-4bc52ad877144daa319f69500b6f4a42\">\n.flex_column.av-l9fsf-4bc52ad877144daa319f69500b6f4a42{\nborder-radius:0px 0px 0px 0px;\n-webkit-border-radius:0px 0px 0px 0px;\n-moz-border-radius:0px 0px 0px 0px;\n}\n<\/style>\n<div class='flex_column av-l9fsf-4bc52ad877144daa319f69500b6f4a42 av_one_half  avia-builder-el-1  el_before_av_one_half  avia-builder-el-first  first flex_column_div av-zero-column-padding '   ><p>\n<style type=\"text\/css\" data-created_by=\"avia_inline_auto\" id=\"style-css-av-kq3tli0s-dfb3b5673baa3b8ffde40df4fbedf866\">\n#top .av-special-heading.av-kq3tli0s-dfb3b5673baa3b8ffde40df4fbedf866{\npadding-bottom:10px;\n}\nbody .av-special-heading.av-kq3tli0s-dfb3b5673baa3b8ffde40df4fbedf866 .av-special-heading-tag .heading-char{\nfont-size:25px;\n}\n.av-special-heading.av-kq3tli0s-dfb3b5673baa3b8ffde40df4fbedf866 .av-subheading{\nfont-size:15px;\n}\n<\/style>\n<div  class='av-special-heading av-kq3tli0s-dfb3b5673baa3b8ffde40df4fbedf866 av-special-heading-h3 blockquote modern-quote  avia-builder-el-2  el_before_av_textblock  avia-builder-el-first '><h3 class='av-special-heading-tag'  itemprop=\"headline\"  >Ensemble, nous pouvons faire de grandes choses<\/h3><div class=\"special-heading-border\"><div class=\"special-heading-inner-border\"><\/div><\/div><\/div><br \/>\n<section  class='av_textblock_section av-kq2z2r75-4cac74d45b45ee5d5efb66130b6d2db8'  itemscope=\"itemscope\" itemtype=\"https:\/\/schema.org\/CreativeWork\" ><div class='avia_textblock'  itemprop=\"text\" ><p>Votre projet m\u00e9rite une attention toute particuli\u00e8re. C\u2019est pourquoi nous traitons chacune de nos collaborations avec beaucoup de consid\u00e9ration. Nous travaillons avec des personnes curieuses &amp; cr\u00e9atives, et nous serons ravies d\u2019en savoir plus \u00e0 propos de vous, qu\u2019importe l\u2019endroit du globe o\u00f9 vous vous trouvez. Surtout n\u2019h\u00e9sitez pas \u00e0 nous parler de votre projet, c\u2019est avec grand plaisir que nous pouvons vous accompagner dans le d\u00e9veloppement de ce dernier. <input name=\"_wpcf7_container_post\" type=\"hidden\" value=\"0\" \/><label><\/label><\/p>\n<h3><\/h3>\n<\/div><\/section><br \/>\n\n<style type=\"text\/css\" data-created_by=\"avia_inline_auto\" id=\"style-css-av-kq3tlqfg-ae44d3db7366bf7eafc03d70b625008e\">\n#top .av-special-heading.av-kq3tlqfg-ae44d3db7366bf7eafc03d70b625008e{\npadding-bottom:10px;\n}\nbody .av-special-heading.av-kq3tlqfg-ae44d3db7366bf7eafc03d70b625008e .av-special-heading-tag .heading-char{\nfont-size:25px;\n}\n.av-special-heading.av-kq3tlqfg-ae44d3db7366bf7eafc03d70b625008e .av-subheading{\nfont-size:15px;\n}\n<\/style>\n<div  class='av-special-heading av-kq3tlqfg-ae44d3db7366bf7eafc03d70b625008e av-special-heading-h3 blockquote modern-quote  avia-builder-el-4  el_after_av_textblock  el_before_av_textblock '><h3 class='av-special-heading-tag'  itemprop=\"headline\"  >Partenariats <span class='special_amp'>&amp;<\/span> Collaborations<\/h3><div class=\"special-heading-border\"><div class=\"special-heading-inner-border\"><\/div><\/div><\/div><br \/>\n<section  class='av_textblock_section av-kq3tm0fh-e077b15ce1a4a4ded6f73037aece99cf'  itemscope=\"itemscope\" itemtype=\"https:\/\/schema.org\/CreativeWork\" ><div class='avia_textblock'  itemprop=\"text\" ><p>Nous adorons travailler avec des personnes issues de diff\u00e9rentes sph\u00e8res cr\u00e9atives. Si vous voulez travailler en collaboration avec nous sur certains de vos projets, n\u2019h\u00e9sitez pas nous sommes toutes ou\u00efes !<\/p>\n<p>hello[at]amaranto.studio<br \/>\n+33 (0)6 68 87 78 74<\/p>\n<p>Ou bien compl\u00e9tez directement le formulaire ci contre.<br \/>\n<a href=\"https:\/\/www.instagram.com\/amaranto.studio\/\" target=\"_blank\" rel=\"noopener noreferrer\"><br \/>\nInstagram<\/a><a href=\"https:\/\/www.behance.net\/margauxsarlin\" target=\"_blank\" rel=\"noopener noreferrer\"><br \/>\nBehance<\/a><\/p>\n<\/div><\/section><\/p><\/div>\n<style type=\"text\/css\" data-created_by=\"avia_inline_auto\" id=\"style-css-av-dp5bj-509ab07dc0beb582513f2d3203773f15\">\n.flex_column.av-dp5bj-509ab07dc0beb582513f2d3203773f15{\nborder-radius:0px 0px 0px 0px;\n-webkit-border-radius:0px 0px 0px 0px;\n-moz-border-radius:0px 0px 0px 0px;\n}\n<\/style>\n<div class='flex_column av-dp5bj-509ab07dc0beb582513f2d3203773f15 av_one_half  avia-builder-el-6  el_after_av_one_half  avia-builder-el-last  flex_column_div av-zero-column-padding '   ><form action=\"https:\/\/amaranto.studio\/en\/contact\/\" method=\"post\"  class=\"avia_ajax_form av-form-labels-visible   avia-builder-el-7  avia-builder-el-no-sibling   \" data-avia-form-id=\"1\" data-avia-redirect='' ><h3 class=''>Contactez-nous !<\/h3><fieldset><p class='  first_form  form_element form_fullwidth' id='element_avia_1_1'><label for=\"avia_1_1\">Votre nom <abbr class=\"required\" title=\"required\">*<\/abbr><\/label> <input name=\"avia_1_1\" class=\"text_input is_empty\" type=\"text\" id=\"avia_1_1\" value=\"\" \/><\/p><p class='  first_form  form_element form_fullwidth' id='element_avia_2_1'><label for=\"avia_2_1\">Votre adresse de messagerie <abbr class=\"required\" title=\"required\">*<\/abbr><\/label> <input name=\"avia_2_1\" class=\"text_input is_email\" type=\"text\" id=\"avia_2_1\" value=\"\" \/><\/p><p class='  first_form  form_element form_fullwidth' id='element_avia_3_1'><label for=\"avia_3_1\" class=\"textare_label hidden textare_label_avia_3_1\">Votre message <abbr class=\"required\" title=\"required\">*<\/abbr><\/label><textarea  name=\"avia_3_1\" class=\"text_area is_empty\" cols=\"40\" rows=\"7\" id=\"avia_3_1\" ><\/textarea><\/p><p class=\"hidden\"><input type=\"text\" name=\"avia_4_1\" class=\"hidden \" id=\"avia_4_1\" value=\"\" \/><\/p><p class='   form_element form_fullwidth' id='element_avia_5_1'><span class='value_verifier_label'>5 + 0 = ?<\/span><input name=\"avia_5_1_verifier\" type=\"hidden\" id=\"avia_5_1_verifier\" value=\"668741357\"\/><label for=\"avia_5_1\">Please prove that you are human by solving the equation <abbr class=\"required\" title=\"required\">*<\/abbr><\/label><input name=\"avia_5_1\" class=\"text_input captcha\" type=\"text\" id=\"avia_5_1\" value=\"\"\/><\/p><p class=\"form_element \"><input type=\"hidden\" value=\"1\" name=\"avia_generated_form1\" \/><input type=\"submit\" value=\"Envoyer\" class=\"button\"  data-sending-label=\"Sending\"\/><\/p><\/fieldset><\/form><div id=\"ajaxresponse_1\" class=\"ajaxresponse ajaxresponse_1 hidden\"><\/div><\/div>\n","protected":false},"excerpt":{"rendered":"","protected":false},"author":1,"featured_media":0,"parent":0,"menu_order":0,"comment_status":"closed","ping_status":"closed","template":"","meta":{"footnotes":""},"class_list":["post-303","page","type-page","status-publish","hentry"],"_links":{"self":[{"href":"https:\/\/amaranto.studio\/en\/wp-json\/wp\/v2\/pages\/303","targetHints":{"allow":["GET"]}}],"collection":[{"href":"https:\/\/amaranto.studio\/en\/wp-json\/wp\/v2\/pages"}],"about":[{"href":"https:\/\/amaranto.studio\/en\/wp-json\/wp\/v2\/types\/page"}],"author":[{"embeddable":true,"href":"https:\/\/amaranto.studio\/en\/wp-json\/wp\/v2\/users\/1"}],"replies":[{"embeddable":true,"href":"https:\/\/amaranto.studio\/en\/wp-json\/wp\/v2\/comments?post=303"}],"version-history":[{"count":5,"href":"https:\/\/amaranto.studio\/en\/wp-json\/wp\/v2\/pages\/303\/revisions"}],"predecessor-version":[{"id":1625,"href":"https:\/\/amaranto.studio\/en\/wp-json\/wp\/v2\/pages\/303\/revisions\/1625"}],"wp:attachment":[{"href":"https:\/\/amaranto.studio\/en\/wp-json\/wp\/v2\/media?parent=303"}],"curies":[{"name":"wp","href":"https:\/\/api.w.org\/{rel}","templated":true}]}}